{"id":815,"date":"2023-05-03T08:10:31","date_gmt":"2023-05-03T08:10:31","guid":{"rendered":"https:\/\/pigifo.it\/?page_id=815"},"modified":"2023-05-03T08:10:31","modified_gmt":"2023-05-03T08:10:31","slug":"scuola-animatori-2023","status":"publish","type":"page","link":"https:\/\/pigifo.it\/index.php\/scuola-animatori-2023\/","title":{"rendered":"Scuola Animatori 2023"},"content":{"rendered":"\n<p class=\"has-black-color has-text-color has-medium-font-size\">La scuola Animatori si terr\u00e0 gioved\u00ec 4 maggio, gioved\u00ec 11 maggio e gioved\u00ec 18 maggio dalle 18:00 alle 22:00 presso la parrocchia di Santa Rita in Ronco. <\/p>\n\n\n\n<p class=\"has-black-color has-text-color has-medium-font-size\">Inizieremo con una Preghiera in cui approfondiremo alcuni aspetti dell&#8217;ambientazione che vivremo durante Estate Ragazzi<\/p>\n\n\n\n<p class=\"has-black-color has-text-color has-medium-font-size\">La prima parte della scuola animatori sar\u00e0 incentrata sulla formazione, seguendo questa suddivisione:<\/p>\n\n\n\n<ul class=\"wp-block-list\">\n<li class=\"has-medium-font-size\">3\u00b0 media e 1\u00b0 superiore, approfondiranno il tema dell&#8217;<em>Animatore<\/em><\/li>\n\n\n\n<li class=\"has-medium-font-size\">2\u00b0 superiore, approfondiranno il tema delle <em>relazioni<\/em><\/li>\n\n\n\n<li class=\"has-medium-font-size\">3\u00b0 superiore, approfondiranno il tema del <em>servizio<\/em><\/li>\n\n\n\n<li class=\"has-medium-font-size\">4\u00b0 e 5\u00b0 superiore, approfondiranno il tema delle <em>vocazioni<\/em><\/li>\n<\/ul>\n\n\n\n<p class=\"has-black-color has-text-color has-medium-font-size\">Seguir\u00e0 una cena tra i gruppi animatori e per concludere i laboratori! <\/p>\n\n\n\n<p class=\"has-black-color has-text-color has-medium-font-size\">Quest&#8217;anno, in tutti i laboratori, voi Animatori, avrete modo di mettervi in gioco in prima persona! <\/p>\n\n\n\n<p class=\"has-black-color has-text-color has-medium-font-size\">I laboratori seguiranno questi filoni: <\/p>\n\n\n\n<ul class=\"wp-block-list\">\n<li class=\"has-medium-font-size\">Espressivi (creazione della coreografia dell&#8217;Inno di ER, studio della nostra ambientazione, danze tipiche)<\/li>\n\n\n\n<li class=\"has-medium-font-size\">Creative (creazione e allestimento degli spazi oratoriali e oggetti)<\/li>\n\n\n\n<li class=\"has-medium-font-size\">Un po&#8217; di &#8230; Sano sport!<\/li>\n\n\n\n<li class=\"has-medium-font-size\">Un po&#8217; di &#8230; Sicurezza (approfondimento dei rischi che possono insorgere durante ER)<\/li>\n<\/ul>\n","protected":false},"excerpt":{"rendered":"<p>La scuola Animatori si terr\u00e0 gioved\u00ec 4 maggio, gioved\u00ec 11 maggio e gioved\u00ec 18 maggio dalle 18:00 alle 22:00 presso la parrocchia di Santa Rita in Ronco. Inizieremo con una Preghiera in cui approfondiremo alcuni aspetti dell&#8217;ambientazione che vivremo durante Estate Ragazzi La prima parte della scuola animatori sar\u00e0 incentrata sulla formazione, seguendo questa suddivisione: [&hellip;]<\/p>\n","protected":false},"author":1,"featured_media":0,"parent":0,"menu_order":0,"comment_status":"closed","ping_status":"closed","template":"","meta":{"footnotes":""},"class_list":["post-815","page","type-page","status-publish","hentry"],"_links":{"self":[{"href":"https:\/\/pigifo.it\/index.php\/wp-json\/wp\/v2\/pages\/815","targetHints":{"allow":["GET"]}}],"collection":[{"href":"https:\/\/pigifo.it\/index.php\/wp-json\/wp\/v2\/pages"}],"about":[{"href":"https:\/\/pigifo.it\/index.php\/wp-json\/wp\/v2\/types\/page"}],"author":[{"embeddable":true,"href":"https:\/\/pigifo.it\/index.php\/wp-json\/wp\/v2\/users\/1"}],"replies":[{"embeddable":true,"href":"https:\/\/pigifo.it\/index.php\/wp-json\/wp\/v2\/comments?post=815"}],"version-history":[{"count":2,"href":"https:\/\/pigifo.it\/index.php\/wp-json\/wp\/v2\/pages\/815\/revisions"}],"predecessor-version":[{"id":817,"href":"https:\/\/pigifo.it\/index.php\/wp-json\/wp\/v2\/pages\/815\/revisions\/817"}],"wp:attachment":[{"href":"https:\/\/pigifo.it\/index.php\/wp-json\/wp\/v2\/media?parent=815"}],"curies":[{"name":"wp","href":"https:\/\/api.w.org\/{rel}","templated":true}]}}