{"id":72,"date":"2021-07-03T20:09:53","date_gmt":"2021-07-03T20:09:53","guid":{"rendered":"https:\/\/pigifo.it\/?page_id=72"},"modified":"2026-02-16T08:58:02","modified_gmt":"2026-02-16T08:58:02","slug":"home","status":"publish","type":"page","link":"https:\/\/pigifo.it\/","title":{"rendered":"Home"},"content":{"rendered":"\n<p class=\"has-text-align-center\"><em><strong><a href=\"https:\/\/pigifo.it\/index.php\/2026\/02\/16\/convegno-oratori-2026\/\" data-type=\"link\" data-id=\"https:\/\/pigifo.it\/index.php\/2025\/12\/06\/vespri-di-avvento-con-i-giovani-2025\/\">clicca per tutte le info<\/a><\/strong><\/em><\/p>\n\n\n\n<figure class=\"wp-block-image size-full\"><img loading=\"lazy\" decoding=\"async\" width=\"1121\" height=\"1600\" src=\"https:\/\/pigifo.it\/wp-content\/uploads\/2026\/02\/WhatsApp-Image-2026-02-12-at-20.48.27-1.jpeg\" alt=\"\" class=\"wp-image-1321\" srcset=\"https:\/\/pigifo.it\/wp-content\/uploads\/2026\/02\/WhatsApp-Image-2026-02-12-at-20.48.27-1.jpeg 1121w, https:\/\/pigifo.it\/wp-content\/uploads\/2026\/02\/WhatsApp-Image-2026-02-12-at-20.48.27-1-210x300.jpeg 210w, https:\/\/pigifo.it\/wp-content\/uploads\/2026\/02\/WhatsApp-Image-2026-02-12-at-20.48.27-1-717x1024.jpeg 717w, https:\/\/pigifo.it\/wp-content\/uploads\/2026\/02\/WhatsApp-Image-2026-02-12-at-20.48.27-1-768x1096.jpeg 768w, https:\/\/pigifo.it\/wp-content\/uploads\/2026\/02\/WhatsApp-Image-2026-02-12-at-20.48.27-1-1076x1536.jpeg 1076w\" sizes=\"auto, (max-width: 1121px) 100vw, 1121px\" \/><\/figure>\n\n\n\n<p><\/p>\n\n\n\n<p><\/p>\n\n\n\n<hr class=\"wp-block-separator has-css-opacity is-style-wide\"\/>\n\n\n\n<p class=\"has-text-align-center has-text-color has-medium-font-size\" style=\"color:#0001a3\"><em>Le ultime notizie<\/em><\/p>\n\n\n\n<div class=\"wp-block-columns is-layout-flex wp-container-core-columns-is-layout-9d6595d7 wp-block-columns-is-layout-flex\">\n<div class=\"wp-block-column is-layout-flow wp-block-column-is-layout-flow\"><\/div>\n<\/div>\n\n\n\n<p><\/p>\n\n\n\n<div class=\"wp-block-columns is-layout-flex wp-container-core-columns-is-layout-9d6595d7 wp-block-columns-is-layout-flex\">\n<div class=\"wp-block-column is-layout-flow wp-block-column-is-layout-flow\">\n<div class=\"wp-block-columns is-layout-flex wp-container-core-columns-is-layout-9d6595d7 wp-block-columns-is-layout-flex\">\n<div class=\"wp-block-column is-layout-flow wp-block-column-is-layout-flow\" style=\"flex-basis:100%\">\n<div class=\"wp-block-group\"><div class=\"wp-block-group__inner-container is-layout-flow wp-block-group-is-layout-flow\"><ul class=\"wp-block-latest-posts__list aligncenter wp-block-latest-posts\"><li><div class=\"wp-block-latest-posts__featured-image alignright\"><img loading=\"lazy\" decoding=\"async\" width=\"150\" height=\"150\" src=\"https:\/\/pigifo.it\/wp-content\/uploads\/2026\/02\/WhatsApp-Image-2026-02-12-at-20.48.27-150x150.jpeg\" class=\"attachment-thumbnail size-thumbnail wp-post-image\" alt=\"\" style=\"\" \/><\/div><a class=\"wp-block-latest-posts__post-title\" href=\"https:\/\/pigifo.it\/index.php\/2026\/02\/16\/convegno-oratori-2026\/\">Convegno Oratori 2026<\/a><div class=\"wp-block-latest-posts__post-excerpt\">Adolescenti tra possibilit\u00e0 e fragilit\u00e0: un convegno per comprendere e accompagnare La Pastorale Giovanile della Diocesi di Forl\u00ec-Bertinoro, insieme al Coordinamento Oratori, propone un importante momento di formazione e riflessione dedicato al mondo degli adolescenti, dal titolo \u201cAdolescenti tra possibilit\u00e0 e fragilit\u00e0\u201d, in programma sabato 21 febbraio 2026, alle ore 8.45 presso\u2026 <a class=\"wp-block-latest-posts__read-more\" href=\"https:\/\/pigifo.it\/index.php\/2026\/02\/16\/convegno-oratori-2026\/\" rel=\"noopener noreferrer\">Leggi tutto<span class=\"screen-reader-text\">: Convegno Oratori 2026<\/span><\/a><\/div><\/li>\n<li><div class=\"wp-block-latest-posts__featured-image alignright\"><img loading=\"lazy\" decoding=\"async\" width=\"150\" height=\"150\" src=\"https:\/\/pigifo.it\/wp-content\/uploads\/2026\/02\/IMG_3329-150x150.png\" class=\"attachment-thumbnail size-thumbnail wp-post-image\" alt=\"\" style=\"\" \/><\/div><a class=\"wp-block-latest-posts__post-title\" href=\"https:\/\/pigifo.it\/index.php\/2026\/02\/02\/raccontiamo-insieme-san-pellegrino-aperto-il-casting-per-lo-spettacolo-teatrale\/\">Raccontiamo insieme San Pellegrino: aperto il casting per lo spettacolo teatrale<\/a><div class=\"wp-block-latest-posts__post-excerpt\">In occasione del 300\u00b0 anniversario della canonizzazione di San Pellegrino, compatrono di Forl\u00ec e patrono dei malati di tumore, la Diocesi di Forl\u00ec-Bertinoro \u2013 Pastorale Vocazionale, insieme all\u2019Ordine dei Servi di Maria, promuove un progetto speciale: la realizzazione di uno spettacolo teatrale sulla vita di San Pellegrino. Nasce cos\u00ec \u201cRaccontiamo insieme San\u2026 <a class=\"wp-block-latest-posts__read-more\" href=\"https:\/\/pigifo.it\/index.php\/2026\/02\/02\/raccontiamo-insieme-san-pellegrino-aperto-il-casting-per-lo-spettacolo-teatrale\/\" rel=\"noopener noreferrer\">Leggi tutto<span class=\"screen-reader-text\">: Raccontiamo insieme San Pellegrino: aperto il casting per lo spettacolo teatrale<\/span><\/a><\/div><\/li>\n<li><div class=\"wp-block-latest-posts__featured-image alignright\"><img loading=\"lazy\" decoding=\"async\" width=\"150\" height=\"150\" src=\"https:\/\/pigifo.it\/wp-content\/uploads\/2026\/01\/WhatsApp-Image-2026-01-10-at-12.24.29-150x150.jpeg\" class=\"attachment-thumbnail size-thumbnail wp-post-image\" alt=\"\" style=\"\" \/><\/div><a class=\"wp-block-latest-posts__post-title\" href=\"https:\/\/pigifo.it\/index.php\/2026\/01\/13\/macchine-intelligenti-e-compagni-digitali\/\">Macchine intelligenti e compagni digitali<\/a><div class=\"wp-block-latest-posts__post-excerpt\">Un incontro pensato come spazio di scoperta e confronto creativo tra universitari, per riflettere insieme sul rapporto sempre pi\u00f9 stretto tra persone e tecnologie intelligenti. L\u2019appuntamento \u00e8 per mercoled\u00ec 28 gennaio, dalle 18.30 alle 20.00, a Forl\u00ec, presso il Centro universitario Santa Lucia (Corso della Repubblica 77). La serata sar\u00e0 strutturata come\u2026 <a class=\"wp-block-latest-posts__read-more\" href=\"https:\/\/pigifo.it\/index.php\/2026\/01\/13\/macchine-intelligenti-e-compagni-digitali\/\" rel=\"noopener noreferrer\">Leggi tutto<span class=\"screen-reader-text\">: Macchine intelligenti e compagni digitali<\/span><\/a><\/div><\/li>\n<li><div class=\"wp-block-latest-posts__featured-image alignright\"><img loading=\"lazy\" decoding=\"async\" width=\"150\" height=\"150\" src=\"https:\/\/pigifo.it\/wp-content\/uploads\/2026\/01\/WhatsApp-Image-2026-01-07-at-09.06.35-150x150.jpeg\" class=\"attachment-thumbnail size-thumbnail wp-post-image\" alt=\"\" style=\"\" \/><\/div><a class=\"wp-block-latest-posts__post-title\" href=\"https:\/\/pigifo.it\/index.php\/2026\/01\/13\/veglia-dei-giovani-alla-madonna-del-fuoco-2026\/\">Veglia dei Giovani alla Madonna del Fuoco 2026<\/a><div class=\"wp-block-latest-posts__post-excerpt\">La Pastorale Giovanile invita tutti i giovani della Diocesi di Forl\u00ec-Bertinoro a partecipare alla Veglia dei Giovani alla Madonna del Fuoco, un momento per ritrovarsi, pregare insieme e vivere una serata di fede condivisa. L\u2019appuntamento \u00e8 per sabato 31 gennaio 2026, alle ore 20.45, presso il Duomo di Forl\u00ec. La veglia sar\u00e0\u2026 <a class=\"wp-block-latest-posts__read-more\" href=\"https:\/\/pigifo.it\/index.php\/2026\/01\/13\/veglia-dei-giovani-alla-madonna-del-fuoco-2026\/\" rel=\"noopener noreferrer\">Leggi tutto<span class=\"screen-reader-text\">: Veglia dei Giovani alla Madonna del Fuoco 2026<\/span><\/a><\/div><\/li>\n<li><div class=\"wp-block-latest-posts__featured-image alignright\"><img loading=\"lazy\" decoding=\"async\" width=\"150\" height=\"150\" src=\"https:\/\/pigifo.it\/wp-content\/uploads\/2025\/12\/WhatsApp-Image-2025-12-06-at-22.24.13-150x150.jpeg\" class=\"attachment-thumbnail size-thumbnail wp-post-image\" alt=\"\" style=\"\" \/><\/div><a class=\"wp-block-latest-posts__post-title\" href=\"https:\/\/pigifo.it\/index.php\/2025\/12\/06\/saluti-di-natale-pastorale-univesitaria-10-dicembre\/\">Saluti di Natale Pastorale Univesitaria 10 Dicembre<\/a><div class=\"wp-block-latest-posts__post-excerpt\">La Pastorale Universitaria invita tutti gli universitari a vivere insieme un momento di festa e spiritualit\u00e0 in preparazione al Natale. L\u2019appuntamento \u00e8 alle 19:30 nella Chiesa di Santa Lucia per la Messa presieduta dal Vescovo Livio.A seguire, cenone di Natale con un clima di condivisione e amicizia. Inoltre, 11 dicembre alle 20:30,\u2026 <a class=\"wp-block-latest-posts__read-more\" href=\"https:\/\/pigifo.it\/index.php\/2025\/12\/06\/saluti-di-natale-pastorale-univesitaria-10-dicembre\/\" rel=\"noopener noreferrer\">Leggi tutto<span class=\"screen-reader-text\">: Saluti di Natale Pastorale Univesitaria 10 Dicembre<\/span><\/a><\/div><\/li>\n<\/ul><\/div><\/div>\n<\/div>\n<\/div>\n<\/div>\n<\/div>\n\n\n\n<p><\/p>\n","protected":false},"excerpt":{"rendered":"<p>clicca per tutte le info Le ultime notizie<\/p>\n","protected":false},"author":1,"featured_media":0,"parent":0,"menu_order":0,"comment_status":"closed","ping_status":"closed","template":"","meta":{"footnotes":""},"class_list":["post-72","page","type-page","status-publish","hentry"],"_links":{"self":[{"href":"https:\/\/pigifo.it\/index.php\/wp-json\/wp\/v2\/pages\/72","targetHints":{"allow":["GET"]}}],"collection":[{"href":"https:\/\/pigifo.it\/index.php\/wp-json\/wp\/v2\/pages"}],"about":[{"href":"https:\/\/pigifo.it\/index.php\/wp-json\/wp\/v2\/types\/page"}],"author":[{"embeddable":true,"href":"https:\/\/pigifo.it\/index.php\/wp-json\/wp\/v2\/users\/1"}],"replies":[{"embeddable":true,"href":"https:\/\/pigifo.it\/index.php\/wp-json\/wp\/v2\/comments?post=72"}],"version-history":[{"count":63,"href":"https:\/\/pigifo.it\/index.php\/wp-json\/wp\/v2\/pages\/72\/revisions"}],"predecessor-version":[{"id":1322,"href":"https:\/\/pigifo.it\/index.php\/wp-json\/wp\/v2\/pages\/72\/revisions\/1322"}],"wp:attachment":[{"href":"https:\/\/pigifo.it\/index.php\/wp-json\/wp\/v2\/media?parent=72"}],"curies":[{"name":"wp","href":"https:\/\/api.w.org\/{rel}","templated":true}]}}