{"id":208,"date":"2021-09-29T18:08:35","date_gmt":"2021-09-29T18:08:35","guid":{"rendered":"https:\/\/pigifo.it\/?page_id=208"},"modified":"2021-09-29T18:10:27","modified_gmt":"2021-09-29T18:10:27","slug":"a-la-verna","status":"publish","type":"page","link":"https:\/\/pigifo.it\/index.php\/a-la-verna\/","title":{"rendered":"La Verna"},"content":{"rendered":"\n<p class=\"has-text-align-right has-text-color\" style=\"color:#0700a3\"><em>Domenica 29 agosto<\/em><\/p>\n\n\n\n<p class=\"has-black-color has-text-color\">E come in tutte le cose \u00e8 arrivato il finale di questa esperienza.<\/p>\n\n\n\n<p class=\"has-black-color has-text-color\">Ci siamo svegliati e con malinconia ci siamo riuniti per gli ultimi canti e le ultime riflessioni insieme.<\/p>\n\n\n\n<p class=\"has-black-color has-text-color\">Abbiamo caricato i bagagli e ci siamo diretti verso la Verna dove abbiamo assistito alla Messa domenicale.<\/p>\n\n\n\n<p class=\"has-black-color has-text-color\">Successivamente abbiamo avuto un incontro con due novizi della Verna che a giorni avrebbero preso i voti come frati francescani e con tre novizie sempre francescane.<\/p>\n\n\n\n<p class=\"has-black-color has-text-color\">Ci hanno raccontato la loro storia, perch\u00e9 sono stati e state attratte dalla missione di San Francesco e con le loro testimonianze ci hanno regalato una parte di loro molto preziosa.<\/p>\n\n\n\n<p class=\"has-black-color has-text-color\">Dopo aver intonato un ultimo canto insieme, ognuno ha fatto un ultimo giro per il santuario per poi trovarci un\u2019ultima volta di fronte alla croce per ultime foto insieme.<\/p>\n\n\n\n<p class=\"has-black-color has-text-color\">Abbiamo pranzato insieme e ci siamo ritrovati a Forl\u00ec, un po\u2019 commossi ci siamo salutati e promessi di rivederci presto.<\/p>\n\n\n\n<p class=\"has-black-color has-text-color\">E\u2019 stata una esperienza intensa e inaspettata per tutti, da sconosciuti provenienti da ambienti diversi ci siamo conosciuti, abbiamo riso insieme, ci siamo consolati nei momenti fragili e ci siam voluti bene.<\/p>\n\n\n\n<p class=\"has-black-color has-text-color\">E non dimenticheremo mai questa settimana, e non smetteremo mai di ringraziare il Signore per averci fatto fare questo cammino.<\/p>\n\n\n\n<p class=\"has-text-align-right has-black-color has-text-color\"><em>\u201cSignore sono qui per dirti ancora s\u00ec, Luce<br>Fammi scoppiare di gioia di vivere, Luce.<br>Fammi strumento per portare attorno a me, Luce.<br>E chi \u00e8 vicino a me sappia che tutto in te \u00e8 Luce.\u201d<\/em><\/p>\n\n\n\n<figure class=\"wp-block-gallery columns-3 is-cropped wp-block-gallery-1 is-layout-flex wp-block-gallery-is-layout-flex\"><ul class=\"blocks-gallery-grid\"><li class=\"blocks-gallery-item\"><figure><img loading=\"lazy\" decoding=\"async\" width=\"2560\" height=\"1438\" src=\"https:\/\/pigifo.it\/wp-content\/uploads\/2021\/09\/Pellegrinaggio-2021-aerea-13-scaled.jpeg\" alt=\"\" data-id=\"209\" data-full-url=\"https:\/\/pigifo.it\/wp-content\/uploads\/2021\/09\/Pellegrinaggio-2021-aerea-13-scaled.jpeg\" data-link=\"https:\/\/pigifo.it\/?attachment_id=209\" class=\"wp-image-209\" srcset=\"https:\/\/pigifo.it\/wp-content\/uploads\/2021\/09\/Pellegrinaggio-2021-aerea-13-scaled.jpeg 2560w, https:\/\/pigifo.it\/wp-content\/uploads\/2021\/09\/Pellegrinaggio-2021-aerea-13-300x168.jpeg 300w, https:\/\/pigifo.it\/wp-content\/uploads\/2021\/09\/Pellegrinaggio-2021-aerea-13-1024x575.jpeg 1024w, https:\/\/pigifo.it\/wp-content\/uploads\/2021\/09\/Pellegrinaggio-2021-aerea-13-768x431.jpeg 768w, https:\/\/pigifo.it\/wp-content\/uploads\/2021\/09\/Pellegrinaggio-2021-aerea-13-1536x863.jpeg 1536w, https:\/\/pigifo.it\/wp-content\/uploads\/2021\/09\/Pellegrinaggio-2021-aerea-13-2048x1150.jpeg 2048w\" sizes=\"auto, (max-width: 2560px) 100vw, 2560px\" \/><\/figure><\/li><li class=\"blocks-gallery-item\"><figure><img loading=\"lazy\" decoding=\"async\" width=\"2560\" height=\"1707\" src=\"https:\/\/pigifo.it\/wp-content\/uploads\/2021\/09\/Pellegrinaggio-0430-scaled.jpeg\" alt=\"\" data-id=\"210\" data-full-url=\"https:\/\/pigifo.it\/wp-content\/uploads\/2021\/09\/Pellegrinaggio-0430-scaled.jpeg\" data-link=\"https:\/\/pigifo.it\/?attachment_id=210\" class=\"wp-image-210\" srcset=\"https:\/\/pigifo.it\/wp-content\/uploads\/2021\/09\/Pellegrinaggio-0430-scaled.jpeg 2560w, https:\/\/pigifo.it\/wp-content\/uploads\/2021\/09\/Pellegrinaggio-0430-300x200.jpeg 300w, https:\/\/pigifo.it\/wp-content\/uploads\/2021\/09\/Pellegrinaggio-0430-1024x683.jpeg 1024w, https:\/\/pigifo.it\/wp-content\/uploads\/2021\/09\/Pellegrinaggio-0430-768x512.jpeg 768w, https:\/\/pigifo.it\/wp-content\/uploads\/2021\/09\/Pellegrinaggio-0430-1536x1024.jpeg 1536w, https:\/\/pigifo.it\/wp-content\/uploads\/2021\/09\/Pellegrinaggio-0430-2048x1365.jpeg 2048w, https:\/\/pigifo.it\/wp-content\/uploads\/2021\/09\/Pellegrinaggio-0430-330x220.jpeg 330w\" sizes=\"auto, (max-width: 2560px) 100vw, 2560px\" \/><\/figure><\/li><li class=\"blocks-gallery-item\"><figure><img loading=\"lazy\" decoding=\"async\" width=\"2560\" height=\"1707\" src=\"https:\/\/pigifo.it\/wp-content\/uploads\/2021\/09\/Pellegrinaggio-0461-scaled.jpeg\" alt=\"\" data-id=\"211\" data-full-url=\"https:\/\/pigifo.it\/wp-content\/uploads\/2021\/09\/Pellegrinaggio-0461-scaled.jpeg\" data-link=\"https:\/\/pigifo.it\/?attachment_id=211\" class=\"wp-image-211\" srcset=\"https:\/\/pigifo.it\/wp-content\/uploads\/2021\/09\/Pellegrinaggio-0461-scaled.jpeg 2560w, https:\/\/pigifo.it\/wp-content\/uploads\/2021\/09\/Pellegrinaggio-0461-300x200.jpeg 300w, https:\/\/pigifo.it\/wp-content\/uploads\/2021\/09\/Pellegrinaggio-0461-1024x683.jpeg 1024w, https:\/\/pigifo.it\/wp-content\/uploads\/2021\/09\/Pellegrinaggio-0461-768x512.jpeg 768w, https:\/\/pigifo.it\/wp-content\/uploads\/2021\/09\/Pellegrinaggio-0461-1536x1024.jpeg 1536w, https:\/\/pigifo.it\/wp-content\/uploads\/2021\/09\/Pellegrinaggio-0461-2048x1365.jpeg 2048w, https:\/\/pigifo.it\/wp-content\/uploads\/2021\/09\/Pellegrinaggio-0461-330x220.jpeg 330w\" sizes=\"auto, (max-width: 2560px) 100vw, 2560px\" \/><\/figure><\/li><\/ul><\/figure>\n\n\n\n<div class=\"wp-block-buttons is-content-justification-center is-layout-flex wp-block-buttons-is-layout-flex\">\n<div class=\"wp-block-button has-custom-width wp-block-button__width-50\"><a class=\"wp-block-button__link has-light-green-cyan-to-vivid-green-cyan-gradient-background has-background\" href=\"https:\/\/pigifo.it\/index.php\/in-cammino-da-montepaolo-a-la-verna\/\">Il cammino<\/a><\/div>\n<\/div>\n","protected":false},"excerpt":{"rendered":"<p>Domenica 29 agosto E come in tutte le cose \u00e8 arrivato il finale di questa esperienza. Ci siamo svegliati e con malinconia ci siamo riuniti per gli ultimi canti e le ultime riflessioni insieme. Abbiamo caricato i bagagli e ci siamo diretti verso la Verna dove abbiamo assistito alla Messa domenicale. Successivamente abbiamo avuto un [&hellip;]<\/p>\n","protected":false},"author":1,"featured_media":211,"parent":0,"menu_order":0,"comment_status":"closed","ping_status":"closed","template":"","meta":{"footnotes":""},"class_list":["post-208","page","type-page","status-publish","has-post-thumbnail","hentry"],"_links":{"self":[{"href":"https:\/\/pigifo.it\/index.php\/wp-json\/wp\/v2\/pages\/208","targetHints":{"allow":["GET"]}}],"collection":[{"href":"https:\/\/pigifo.it\/index.php\/wp-json\/wp\/v2\/pages"}],"about":[{"href":"https:\/\/pigifo.it\/index.php\/wp-json\/wp\/v2\/types\/page"}],"author":[{"embeddable":true,"href":"https:\/\/pigifo.it\/index.php\/wp-json\/wp\/v2\/users\/1"}],"replies":[{"embeddable":true,"href":"https:\/\/pigifo.it\/index.php\/wp-json\/wp\/v2\/comments?post=208"}],"version-history":[{"count":2,"href":"https:\/\/pigifo.it\/index.php\/wp-json\/wp\/v2\/pages\/208\/revisions"}],"predecessor-version":[{"id":215,"href":"https:\/\/pigifo.it\/index.php\/wp-json\/wp\/v2\/pages\/208\/revisions\/215"}],"wp:featuredmedia":[{"embeddable":true,"href":"https:\/\/pigifo.it\/index.php\/wp-json\/wp\/v2\/media\/211"}],"wp:attachment":[{"href":"https:\/\/pigifo.it\/index.php\/wp-json\/wp\/v2\/media?parent=208"}],"curies":[{"name":"wp","href":"https:\/\/api.w.org\/{rel}","templated":true}]}}