{"id":198,"date":"2021-09-28T17:00:39","date_gmt":"2021-09-28T17:00:39","guid":{"rendered":"https:\/\/pigifo.it\/?page_id=198"},"modified":"2021-09-28T17:02:41","modified_gmt":"2021-09-28T17:02:41","slug":"6-tappa-da-badia-prataglia-a-la-verna","status":"publish","type":"page","link":"https:\/\/pigifo.it\/index.php\/6-tappa-da-badia-prataglia-a-la-verna\/","title":{"rendered":"6\u00b0 tappa da Badia Prataglia a La Verna"},"content":{"rendered":"\n<p class=\"has-text-align-right has-text-color\" style=\"color:#000fa3\"><em>Sabato 28 agosto<\/em><\/p>\n\n\n\n<p class=\"has-black-color has-text-color\">La mattinata \u00e8 iniziata con un forte diluvio che ci ha fatto passare la mattinata prima sotto il gazebo del campeggio a cantare a squarciagola e pieni di vita diversi canti, per poi venire accolti nell\u2019asilo di Badia Prataglia dal parroco del luogo dove abbiamo fatto qualche gioco e abbiamo aspettato la fine della pioggia.<\/p>\n\n\n\n<p class=\"has-black-color has-text-color\">Dopo aver pranzato, prendiamo i pulmini e arriviamo a Biforco.<\/p>\n\n\n\n<p class=\"has-black-color has-text-color\">Biforco \u00e8 a circa 666 mt sul livello del mare e saliamo fino a Poggio Montopoli&nbsp; a 1022 mt sul livello del mare e la salita \u00e8 ripidissima, il ritmo \u00e8 molto lento anche perch\u00e9 il terreno \u00e8 scivoloso a causa della pioggia.<\/p>\n\n\n\n<p class=\"has-black-color has-text-color\">Ripercorriamo con la mente tutta la fatica dei giorni passati, ma ci\u00f2 ci sprona ancora di pi\u00f9 a camminare per arrivare alla meta finale.<\/p>\n\n\n\n<p class=\"has-black-color has-text-color\">Entriamo nel bosco della Verna dove respiriamo l\u2019aria mistica che avvolge quel luogo e che accolse San Francesco durante la sua vita.<\/p>\n\n\n\n<p class=\"has-black-color has-text-color\">Per poi arrivare sotto la rupe della Verna, tutti accarezzati da un caldo sole e pieni di gioia e senza sentire minimamente l\u2019ultima salita siamo arrivati al santuario trovandoci tutti sotto la croce che sovrasta il luogo.<\/p>\n\n\n\n<p class=\"has-black-color has-text-color\">Dopo esserci riposati e dopo aver visitato un po\u2019 il luogo, i pulmini son venuti a prenderci e ci han portato dove avremmo passato la nostra ultima notte. <\/p>\n\n\n\n<div class=\"wp-block-image\"><figure class=\"alignright size-medium is-resized\"><img loading=\"lazy\" decoding=\"async\" src=\"https:\/\/pigifo.it\/wp-content\/uploads\/2021\/09\/IMG_6281-188x300.jpeg\" alt=\"\" class=\"wp-image-199\" width=\"308\" height=\"491\" srcset=\"https:\/\/pigifo.it\/wp-content\/uploads\/2021\/09\/IMG_6281-188x300.jpeg 188w, https:\/\/pigifo.it\/wp-content\/uploads\/2021\/09\/IMG_6281-643x1024.jpeg 643w, https:\/\/pigifo.it\/wp-content\/uploads\/2021\/09\/IMG_6281-768x1223.jpeg 768w, https:\/\/pigifo.it\/wp-content\/uploads\/2021\/09\/IMG_6281-965x1536.jpeg 965w, https:\/\/pigifo.it\/wp-content\/uploads\/2021\/09\/IMG_6281-1286x2048.jpeg 1286w, https:\/\/pigifo.it\/wp-content\/uploads\/2021\/09\/IMG_6281-scaled.jpeg 1608w\" sizes=\"auto, (max-width: 308px) 100vw, 308px\" \/><\/figure><\/div>\n\n\n\n<p class=\"has-black-color has-text-color\">Alcuni di noi si son messi a giocare a calcetto in un campo vicino e altri a fare un aperitivo per festeggiare l\u2019arrivo alla meta.<\/p>\n\n\n\n<p class=\"has-black-color has-text-color\">Successivamente abbiamo cenato e abbiamo organizzato una magnifica sorpresa per Lorenzo, per celebrare il suo compleanno: con due buone torte e tanta musica abbiamo passato pieni di felicit\u00e0 la serata.<\/p>\n\n\n\n<p class=\"has-black-color has-text-color\">Prima di andare a dormire abbiamo ringraziato il Signore con una veglia, un momento intenso per tutti nonostante la fatica.<\/p>\n\n\n\n<p class=\"has-black-color has-text-color\"><em>\u201cGrandi cose ha fatto per me l\u2019Onnipotente<\/em>&nbsp;<\/p>\n\n\n\n<p class=\"has-black-color has-text-color\"><em>e Santo \u00e8 il suo nome;&nbsp;<\/em>&nbsp;<\/p>\n\n\n\n<p class=\"has-black-color has-text-color\"><em>di generazione in generazione <\/em><\/p>\n\n\n\n<p class=\"has-black-color has-text-color\"><em>la sua misericordia<\/em>&nbsp;<\/p>\n\n\n\n<p class=\"has-black-color has-text-color\"><em>per quelli che lo temono\u201d.<\/em>&nbsp;&nbsp;<\/p>\n\n\n\n<p><\/p>\n\n\n\n<figure class=\"wp-block-gallery columns-2 is-cropped wp-block-gallery-1 is-layout-flex wp-block-gallery-is-layout-flex\"><ul class=\"blocks-gallery-grid\"><li class=\"blocks-gallery-item\"><figure><img loading=\"lazy\" decoding=\"async\" width=\"1024\" height=\"768\" src=\"https:\/\/pigifo.it\/wp-content\/uploads\/2021\/09\/IMG_6275-1024x768.jpeg\" alt=\"\" data-id=\"202\" data-full-url=\"https:\/\/pigifo.it\/wp-content\/uploads\/2021\/09\/IMG_6275-scaled.jpeg\" data-link=\"https:\/\/pigifo.it\/?attachment_id=202\" class=\"wp-image-202\" srcset=\"https:\/\/pigifo.it\/wp-content\/uploads\/2021\/09\/IMG_6275-1024x768.jpeg 1024w, https:\/\/pigifo.it\/wp-content\/uploads\/2021\/09\/IMG_6275-300x225.jpeg 300w, https:\/\/pigifo.it\/wp-content\/uploads\/2021\/09\/IMG_6275-768x576.jpeg 768w, https:\/\/pigifo.it\/wp-content\/uploads\/2021\/09\/IMG_6275-1536x1152.jpeg 1536w, https:\/\/pigifo.it\/wp-content\/uploads\/2021\/09\/IMG_6275-2048x1536.jpeg 2048w, https:\/\/pigifo.it\/wp-content\/uploads\/2021\/09\/IMG_6275-640x480.jpeg 640w\" sizes=\"auto, (max-width: 1024px) 100vw, 1024px\" \/><\/figure><\/li><li class=\"blocks-gallery-item\"><figure><img loading=\"lazy\" decoding=\"async\" width=\"768\" height=\"1024\" src=\"https:\/\/pigifo.it\/wp-content\/uploads\/2021\/09\/IMG_6278-768x1024.jpeg\" alt=\"\" data-id=\"203\" data-full-url=\"https:\/\/pigifo.it\/wp-content\/uploads\/2021\/09\/IMG_6278-scaled.jpeg\" data-link=\"https:\/\/pigifo.it\/?attachment_id=203\" class=\"wp-image-203\" srcset=\"https:\/\/pigifo.it\/wp-content\/uploads\/2021\/09\/IMG_6278-768x1024.jpeg 768w, https:\/\/pigifo.it\/wp-content\/uploads\/2021\/09\/IMG_6278-225x300.jpeg 225w, https:\/\/pigifo.it\/wp-content\/uploads\/2021\/09\/IMG_6278-1152x1536.jpeg 1152w, https:\/\/pigifo.it\/wp-content\/uploads\/2021\/09\/IMG_6278-1536x2048.jpeg 1536w, https:\/\/pigifo.it\/wp-content\/uploads\/2021\/09\/IMG_6278-scaled.jpeg 1920w\" sizes=\"auto, (max-width: 768px) 100vw, 768px\" \/><\/figure><\/li><\/ul><\/figure>\n\n\n\n<p><\/p>\n\n\n\n<p><\/p>\n\n\n\n<div class=\"wp-block-buttons is-layout-flex wp-block-buttons-is-layout-flex\">\n<div class=\"wp-block-button has-custom-width wp-block-button__width-50\"><a class=\"wp-block-button__link has-light-green-cyan-to-vivid-green-cyan-gradient-background has-background\" href=\"https:\/\/pigifo.it\/index.php\/in-cammino-da-montepaolo-a-la-verna\/\">Il cammino<\/a><\/div>\n<\/div>\n\n\n\n<p class=\"has-black-color has-text-color\"><em>&nbsp;&nbsp;&nbsp;&nbsp;&nbsp;&nbsp;&nbsp;&nbsp;&nbsp;&nbsp;&nbsp;&nbsp;&nbsp;&nbsp;&nbsp;&nbsp;&nbsp;&nbsp;&nbsp;&nbsp;&nbsp;&nbsp;&nbsp;&nbsp;&nbsp;&nbsp;&nbsp;&nbsp;&nbsp;&nbsp;&nbsp;&nbsp;&nbsp;&nbsp;&nbsp;&nbsp;&nbsp;&nbsp;&nbsp;&nbsp;&nbsp;&nbsp;&nbsp;&nbsp;&nbsp;&nbsp;&nbsp;&nbsp;&nbsp;&nbsp;&nbsp;&nbsp;&nbsp;&nbsp;&nbsp;&nbsp;&nbsp; <\/em>&nbsp;&nbsp;&nbsp;&nbsp;&nbsp;&nbsp;&nbsp;&nbsp;&nbsp;&nbsp;&nbsp;&nbsp;&nbsp;&nbsp;&nbsp;&nbsp;&nbsp;&nbsp;&nbsp;&nbsp;&nbsp;&nbsp;&nbsp;&nbsp;&nbsp;&nbsp;&nbsp;&nbsp;&nbsp;&nbsp;&nbsp;&nbsp;&nbsp;&nbsp;&nbsp;&nbsp;&nbsp;&nbsp;&nbsp;&nbsp;&nbsp;&nbsp;&nbsp;&nbsp;&nbsp;&nbsp;&nbsp;&nbsp;&nbsp;&nbsp;&nbsp;&nbsp;&nbsp;&nbsp;&nbsp;&nbsp;&nbsp;&nbsp;&nbsp;&nbsp;&nbsp;&nbsp;&nbsp;&nbsp;&nbsp;&nbsp;&nbsp;&nbsp;&nbsp;&nbsp;&nbsp;&nbsp;&nbsp;&nbsp;&nbsp;&nbsp;&nbsp;&nbsp;&nbsp;&nbsp;&nbsp;&nbsp;&nbsp;&nbsp;&nbsp;&nbsp;&nbsp;&nbsp;&nbsp;<\/p>\n","protected":false},"excerpt":{"rendered":"<p>Sabato 28 agosto La mattinata \u00e8 iniziata con un forte diluvio che ci ha fatto passare la mattinata prima sotto il gazebo del campeggio a cantare a squarciagola e pieni di vita diversi canti, per poi venire accolti nell\u2019asilo di Badia Prataglia dal parroco del luogo dove abbiamo fatto qualche gioco e abbiamo aspettato la [&hellip;]<\/p>\n","protected":false},"author":1,"featured_media":202,"parent":0,"menu_order":0,"comment_status":"closed","ping_status":"closed","template":"","meta":{"footnotes":""},"class_list":["post-198","page","type-page","status-publish","has-post-thumbnail","hentry"],"_links":{"self":[{"href":"https:\/\/pigifo.it\/index.php\/wp-json\/wp\/v2\/pages\/198","targetHints":{"allow":["GET"]}}],"collection":[{"href":"https:\/\/pigifo.it\/index.php\/wp-json\/wp\/v2\/pages"}],"about":[{"href":"https:\/\/pigifo.it\/index.php\/wp-json\/wp\/v2\/types\/page"}],"author":[{"embeddable":true,"href":"https:\/\/pigifo.it\/index.php\/wp-json\/wp\/v2\/users\/1"}],"replies":[{"embeddable":true,"href":"https:\/\/pigifo.it\/index.php\/wp-json\/wp\/v2\/comments?post=198"}],"version-history":[{"count":4,"href":"https:\/\/pigifo.it\/index.php\/wp-json\/wp\/v2\/pages\/198\/revisions"}],"predecessor-version":[{"id":206,"href":"https:\/\/pigifo.it\/index.php\/wp-json\/wp\/v2\/pages\/198\/revisions\/206"}],"wp:featuredmedia":[{"embeddable":true,"href":"https:\/\/pigifo.it\/index.php\/wp-json\/wp\/v2\/media\/202"}],"wp:attachment":[{"href":"https:\/\/pigifo.it\/index.php\/wp-json\/wp\/v2\/media?parent=198"}],"curies":[{"name":"wp","href":"https:\/\/api.w.org\/{rel}","templated":true}]}}