{"id":18,"date":"2021-07-03T18:39:51","date_gmt":"2021-07-03T18:39:51","guid":{"rendered":"https:\/\/pigifo.it\/?page_id=18"},"modified":"2025-11-24T17:16:51","modified_gmt":"2025-11-24T17:16:51","slug":"ufficio-tecnico","status":"publish","type":"page","link":"https:\/\/pigifo.it\/index.php\/ufficio-tecnico\/","title":{"rendered":"Ufficio Tecnico"},"content":{"rendered":"\n<p class=\"has-black-color has-text-color\">La gestione delle attrezzature audio-video della Diocesi \u00e8 seguita dal centro di Pastorale Giovanile sita in Corso della Repubblica 75, Forl\u00ec. <\/p>\n\n\n\n<p class=\"has-black-color has-text-color\">Elenco attrezzature: <\/p>\n\n\n<div class=\"wp-block-image\">\n<figure class=\"aligncenter size-large is-resized\"><img loading=\"lazy\" decoding=\"async\" width=\"834\" height=\"898\" src=\"https:\/\/pigifo.it\/wp-content\/uploads\/2021\/07\/Foto-materiale.png\" alt=\"\" class=\"wp-image-70\" style=\"width:482px;height:519px\" srcset=\"https:\/\/pigifo.it\/wp-content\/uploads\/2021\/07\/Foto-materiale.png 834w, https:\/\/pigifo.it\/wp-content\/uploads\/2021\/07\/Foto-materiale-279x300.png 279w, https:\/\/pigifo.it\/wp-content\/uploads\/2021\/07\/Foto-materiale-768x827.png 768w\" sizes=\"auto, (max-width: 834px) 100vw, 834px\" \/><\/figure>\n<\/div>\n\n\n<p class=\"has-black-color has-text-color\">Per prenotare le attrezzature \u00e8 necessario compilare il modulo (<a href=\"https:\/\/forms.gle\/qLJjVp2hY7y4o6MEA\" data-type=\"URL\" data-id=\"https:\/\/forms.gle\/qLJjVp2hY7y4o6MEA\" target=\"_blank\" rel=\"noreferrer noopener\">clicca qui per compilare il modulo<\/a>) almeno cinque giorni prima della presunta data di ritiro, indicando:<\/p>\n\n\n\n<ul class=\"wp-block-list has-black-color has-text-color\">\n<li>Parrocchia\/Associazione<\/li>\n\n\n\n<li>Nome e contatti referente<\/li>\n\n\n\n<li>Materiale richiesto<\/li>\n\n\n\n<li>Data di utilizzo<\/li>\n<\/ul>\n\n\n\n<p class=\"has-black-color has-text-color\">Entro 24h verrete contattati dal centro di Pastorale Giovanile per accordarsi sul ritiro del materiale, se disponibile. <\/p>\n\n\n\n<p class=\"has-black-color has-text-color\">Per prenotare il materiale rivolgersi all&#8217;ufficio tecnico di Pastorale Giovanile almeno 15 giorni prima della data di utilizzo di questo, scrivendo alla seguente mail:  pigifo@pigifo.it<\/p>\n\n\n\n<p><\/p>\n\n\n\n<p><\/p>\n","protected":false},"excerpt":{"rendered":"<p>La gestione delle attrezzature audio-video della Diocesi \u00e8 seguita dal centro di Pastorale Giovanile sita in Corso della Repubblica 75, Forl\u00ec. Elenco attrezzature: Per prenotare le attrezzature \u00e8 necessario compilare il modulo (clicca qui per compilare il modulo) almeno cinque giorni prima della presunta data di ritiro, indicando: Entro 24h verrete contattati dal centro di [&hellip;]<\/p>\n","protected":false},"author":1,"featured_media":0,"parent":0,"menu_order":0,"comment_status":"closed","ping_status":"closed","template":"","meta":{"footnotes":""},"class_list":["post-18","page","type-page","status-publish","hentry"],"_links":{"self":[{"href":"https:\/\/pigifo.it\/index.php\/wp-json\/wp\/v2\/pages\/18","targetHints":{"allow":["GET"]}}],"collection":[{"href":"https:\/\/pigifo.it\/index.php\/wp-json\/wp\/v2\/pages"}],"about":[{"href":"https:\/\/pigifo.it\/index.php\/wp-json\/wp\/v2\/types\/page"}],"author":[{"embeddable":true,"href":"https:\/\/pigifo.it\/index.php\/wp-json\/wp\/v2\/users\/1"}],"replies":[{"embeddable":true,"href":"https:\/\/pigifo.it\/index.php\/wp-json\/wp\/v2\/comments?post=18"}],"version-history":[{"count":6,"href":"https:\/\/pigifo.it\/index.php\/wp-json\/wp\/v2\/pages\/18\/revisions"}],"predecessor-version":[{"id":1259,"href":"https:\/\/pigifo.it\/index.php\/wp-json\/wp\/v2\/pages\/18\/revisions\/1259"}],"wp:attachment":[{"href":"https:\/\/pigifo.it\/index.php\/wp-json\/wp\/v2\/media?parent=18"}],"curies":[{"name":"wp","href":"https:\/\/api.w.org\/{rel}","templated":true}]}}