{"id":176,"date":"2021-09-26T18:34:14","date_gmt":"2021-09-26T18:34:14","guid":{"rendered":"https:\/\/pigifo.it\/?page_id=176"},"modified":"2021-09-26T18:34:14","modified_gmt":"2021-09-26T18:34:14","slug":"4-tappa-dal-corniolo-a-camaldoli","status":"publish","type":"page","link":"https:\/\/pigifo.it\/index.php\/4-tappa-dal-corniolo-a-camaldoli\/","title":{"rendered":"4\u00b0 tappa dal Corniolo a Camaldoli"},"content":{"rendered":"\n<p class=\"has-text-align-right has-text-color\" style=\"color:#0300a3\"><em>Gioved\u00ec 26 agosto<\/em><\/p>\n\n\n\n<p class=\"has-black-color has-text-color\">Dopo una notte gelida, siamo ripartiti per il nostro viaggio verso Camaldoli.<\/p>\n\n\n\n<p class=\"has-black-color has-text-color\">Partiamo con i pulmini che ci portano all\u2019imbocco della strada per San Paolo in Alpe sopra Corniolo.&nbsp; &nbsp;&nbsp;&nbsp;&nbsp;&nbsp;&nbsp;&nbsp;&nbsp;&nbsp;&nbsp;&nbsp;&nbsp;&nbsp;&nbsp;&nbsp;&nbsp;&nbsp;&nbsp;&nbsp;&nbsp;&nbsp;&nbsp;<\/p>\n\n\n\n<p class=\"has-black-color has-text-color\">La mattinata, nonostante qualche incertezza durante il cammino, \u00e8 stato praticamente tutto in salita sempre circondati da bellissimi boschi.<\/p>\n\n\n\n<p class=\"has-black-color has-text-color\">Poco dopo le 13 siamo arrivati in cima al Passo della Calla 1296 mt sul livello del mare, facendo pi\u00f9 di 700 mt di dislivello dal Corniolo.<\/p>\n\n\n\n<p class=\"has-black-color has-text-color\">Dopo esserci riposati e aver pranzato abbiamo ripreso il nostro cammino.<\/p>\n\n\n\n<p class=\"has-black-color has-text-color\">Continuiamo a salire, ma il paesaggio \u00e8 sempre pi\u00f9 stupefacente e ci\u00f2 ci porta a proseguire con il sorriso fino ad arrivare a Poggio Scali a circa 1520 mt sul livello del mare in cui si possono ammirare le cime pi\u00f9 alte dell\u2019Appennino Tosco-Romagnolo.<\/p>\n\n\n\n<p class=\"has-black-color has-text-color\">Ci siamo sentiti cos\u00ec piccoli davanti all\u2019immensit\u00e0 del Creato.<\/p>\n\n\n\n<p class=\"has-black-color has-text-color\">Abbiamo continuato il nostro percorso attraverso il bosco che porta a Camaldoli in cui si percepisce la sacralit\u00e0 del luogo.<\/p>\n\n\n\n<p class=\"has-black-color has-text-color\">Nel tardo pomeriggio siamo arrivati al Camping dove abbiamo alloggiato.<\/p>\n\n\n\n<p class=\"has-black-color has-text-color\">E\u2019 stata una giornata molto faticosa, infatti abbiamo fatto un breve incontro dopo cena in cui ci siamo sentiti prossimi alla meta quanto intristiti dalla partenza imminente.<\/p>\n\n\n\n<div class=\"wp-block-group\"><div class=\"wp-block-group__inner-container is-layout-flow wp-block-group-is-layout-flow\">\n<div class=\"wp-block-columns is-layout-flex wp-container-core-columns-is-layout-9d6595d7 wp-block-columns-is-layout-flex\">\n<div class=\"wp-block-column is-layout-flow wp-block-column-is-layout-flow\" style=\"flex-basis:100%\">\n<figure class=\"wp-block-gallery columns-3 is-cropped wp-block-gallery-1 is-layout-flex wp-block-gallery-is-layout-flex\"><ul class=\"blocks-gallery-grid\"><li class=\"blocks-gallery-item\"><figure><img loading=\"lazy\" decoding=\"async\" width=\"1024\" height=\"683\" src=\"https:\/\/pigifo.it\/wp-content\/uploads\/2021\/09\/Pellegrinaggio-0156-1024x683.jpeg\" alt=\"\" data-id=\"177\" data-link=\"https:\/\/pigifo.it\/?attachment_id=177\" class=\"wp-image-177\" srcset=\"https:\/\/pigifo.it\/wp-content\/uploads\/2021\/09\/Pellegrinaggio-0156-1024x683.jpeg 1024w, https:\/\/pigifo.it\/wp-content\/uploads\/2021\/09\/Pellegrinaggio-0156-300x200.jpeg 300w, https:\/\/pigifo.it\/wp-content\/uploads\/2021\/09\/Pellegrinaggio-0156-768x512.jpeg 768w, https:\/\/pigifo.it\/wp-content\/uploads\/2021\/09\/Pellegrinaggio-0156-1536x1024.jpeg 1536w, https:\/\/pigifo.it\/wp-content\/uploads\/2021\/09\/Pellegrinaggio-0156-2048x1365.jpeg 2048w, https:\/\/pigifo.it\/wp-content\/uploads\/2021\/09\/Pellegrinaggio-0156-330x220.jpeg 330w\" sizes=\"auto, (max-width: 1024px) 100vw, 1024px\" \/><\/figure><\/li><li class=\"blocks-gallery-item\"><figure><img loading=\"lazy\" decoding=\"async\" width=\"1024\" height=\"683\" src=\"https:\/\/pigifo.it\/wp-content\/uploads\/2021\/09\/Pellegrinaggio-0171-1024x683.jpeg\" alt=\"\" data-id=\"178\" data-link=\"https:\/\/pigifo.it\/?attachment_id=178\" class=\"wp-image-178\" srcset=\"https:\/\/pigifo.it\/wp-content\/uploads\/2021\/09\/Pellegrinaggio-0171-1024x683.jpeg 1024w, https:\/\/pigifo.it\/wp-content\/uploads\/2021\/09\/Pellegrinaggio-0171-300x200.jpeg 300w, https:\/\/pigifo.it\/wp-content\/uploads\/2021\/09\/Pellegrinaggio-0171-768x512.jpeg 768w, https:\/\/pigifo.it\/wp-content\/uploads\/2021\/09\/Pellegrinaggio-0171-1536x1024.jpeg 1536w, https:\/\/pigifo.it\/wp-content\/uploads\/2021\/09\/Pellegrinaggio-0171-2048x1365.jpeg 2048w, https:\/\/pigifo.it\/wp-content\/uploads\/2021\/09\/Pellegrinaggio-0171-330x220.jpeg 330w\" sizes=\"auto, (max-width: 1024px) 100vw, 1024px\" \/><\/figure><\/li><li class=\"blocks-gallery-item\"><figure><img loading=\"lazy\" decoding=\"async\" width=\"1024\" height=\"683\" src=\"https:\/\/pigifo.it\/wp-content\/uploads\/2021\/09\/Pellegrinaggio-0191-2-1024x683.jpeg\" alt=\"\" data-id=\"181\" data-full-url=\"https:\/\/pigifo.it\/wp-content\/uploads\/2021\/09\/Pellegrinaggio-0191-2-scaled.jpeg\" data-link=\"https:\/\/pigifo.it\/?attachment_id=181\" class=\"wp-image-181\" srcset=\"https:\/\/pigifo.it\/wp-content\/uploads\/2021\/09\/Pellegrinaggio-0191-2-1024x683.jpeg 1024w, https:\/\/pigifo.it\/wp-content\/uploads\/2021\/09\/Pellegrinaggio-0191-2-300x200.jpeg 300w, https:\/\/pigifo.it\/wp-content\/uploads\/2021\/09\/Pellegrinaggio-0191-2-768x512.jpeg 768w, https:\/\/pigifo.it\/wp-content\/uploads\/2021\/09\/Pellegrinaggio-0191-2-1536x1024.jpeg 1536w, https:\/\/pigifo.it\/wp-content\/uploads\/2021\/09\/Pellegrinaggio-0191-2-2048x1365.jpeg 2048w, https:\/\/pigifo.it\/wp-content\/uploads\/2021\/09\/Pellegrinaggio-0191-2-330x220.jpeg 330w\" sizes=\"auto, (max-width: 1024px) 100vw, 1024px\" \/><\/figure><\/li><\/ul><\/figure>\n\n\n\n<p><\/p>\n<\/div>\n<\/div>\n<\/div><\/div>\n\n\n\n<p class=\"has-text-align-right has-black-color has-text-color\"><em>\u201cO Signore, fa di me il tuo canto,<\/em><\/p>\n\n\n\n<p class=\"has-text-align-right has-black-color has-text-color\"><em>fa di me il tuo canto di pace.<\/em><\/p>\n\n\n\n<p class=\"has-text-align-right has-black-color has-text-color\"><em>A chi \u00e8 triste che io porti la gioia,<\/em><\/p>\n\n\n\n<p class=\"has-text-align-right has-black-color has-text-color\"><em>a chi \u00e8 nel buio che io porti la luce<\/em>&#8220;<\/p>\n\n\n\n<p><\/p>\n\n\n\n<div class=\"wp-block-buttons is-layout-flex wp-block-buttons-is-layout-flex\">\n<div class=\"wp-block-button has-custom-width wp-block-button__width-50\"><a class=\"wp-block-button__link has-white-color has-light-green-cyan-to-vivid-green-cyan-gradient-background has-text-color has-background\" href=\"https:\/\/pigifo.it\/index.php\/in-cammino-da-montepaolo-a-la-verna\/\">Il Cammino<\/a><\/div>\n<\/div>\n","protected":false},"excerpt":{"rendered":"<p>Gioved\u00ec 26 agosto Dopo una notte gelida, siamo ripartiti per il nostro viaggio verso Camaldoli. Partiamo con i pulmini che ci portano all\u2019imbocco della strada per San Paolo in Alpe sopra Corniolo.&nbsp; &nbsp;&nbsp;&nbsp;&nbsp;&nbsp;&nbsp;&nbsp;&nbsp;&nbsp;&nbsp;&nbsp;&nbsp;&nbsp;&nbsp;&nbsp;&nbsp;&nbsp;&nbsp;&nbsp;&nbsp;&nbsp;&nbsp; La mattinata, nonostante qualche incertezza durante il cammino, \u00e8 stato praticamente tutto in salita sempre circondati da bellissimi boschi. Poco dopo le [&hellip;]<\/p>\n","protected":false},"author":1,"featured_media":181,"parent":0,"menu_order":0,"comment_status":"closed","ping_status":"closed","template":"","meta":{"footnotes":""},"class_list":["post-176","page","type-page","status-publish","has-post-thumbnail","hentry"],"_links":{"self":[{"href":"https:\/\/pigifo.it\/index.php\/wp-json\/wp\/v2\/pages\/176","targetHints":{"allow":["GET"]}}],"collection":[{"href":"https:\/\/pigifo.it\/index.php\/wp-json\/wp\/v2\/pages"}],"about":[{"href":"https:\/\/pigifo.it\/index.php\/wp-json\/wp\/v2\/types\/page"}],"author":[{"embeddable":true,"href":"https:\/\/pigifo.it\/index.php\/wp-json\/wp\/v2\/users\/1"}],"replies":[{"embeddable":true,"href":"https:\/\/pigifo.it\/index.php\/wp-json\/wp\/v2\/comments?post=176"}],"version-history":[{"count":1,"href":"https:\/\/pigifo.it\/index.php\/wp-json\/wp\/v2\/pages\/176\/revisions"}],"predecessor-version":[{"id":182,"href":"https:\/\/pigifo.it\/index.php\/wp-json\/wp\/v2\/pages\/176\/revisions\/182"}],"wp:featuredmedia":[{"embeddable":true,"href":"https:\/\/pigifo.it\/index.php\/wp-json\/wp\/v2\/media\/181"}],"wp:attachment":[{"href":"https:\/\/pigifo.it\/index.php\/wp-json\/wp\/v2\/media?parent=176"}],"curies":[{"name":"wp","href":"https:\/\/api.w.org\/{rel}","templated":true}]}}