{"id":16,"date":"2021-07-03T18:39:51","date_gmt":"2021-07-03T18:39:51","guid":{"rendered":"https:\/\/pigifo.it\/?page_id=16"},"modified":"2024-12-16T18:34:41","modified_gmt":"2024-12-16T18:34:41","slug":"per-i-giovani","status":"publish","type":"page","link":"https:\/\/pigifo.it\/index.php\/per-i-giovani\/","title":{"rendered":"Per i Giovani"},"content":{"rendered":"\n<p class=\"has-text-align-center has-medium-font-size\"><mark style=\"background-color:rgba(0, 0, 0, 0);color:#0000ff\" class=\"has-inline-color\"><em>\u201cA voi giovani [&#8230;]: abbiate sempre gli occhi&nbsp;rivolti al futuro. Siate terreno fertile in cammino con l&#8217;umanit\u00e0, siate rinnovamento nella cultura, nella societ\u00e0&nbsp;e nella Chiesa. Ci vuole coraggio, umilt\u00e0 e ascolto&nbsp;per dare espressione al rinnovamento<\/em><\/mark>&#8221; <\/p>\n\n\n\n<p class=\"has-text-align-right\"><em><sub><span class=\"has-inline-color has-black-color\"><strong>Papa Francesco, 17 ottobre 2014<\/strong><\/span><\/sub><\/em><\/p>\n\n\n\n<p><mark style=\"background-color:rgba(0, 0, 0, 0)\" class=\"has-inline-color has-black-color\">Il <em>centro Diocesano di Pastorale Giovanile <\/em>e <em>l&#8217;Associazione Pi.Gi &#8211; Promozione Giovanile<\/em> si pongono come obiettivo il proporre occasioni di crescita ai giovani del nostro territorio. <\/mark><\/p>\n\n\n\n<p><mark style=\"background-color:rgba(0, 0, 0, 0)\" class=\"has-inline-color has-black-color\">Durante l&#8217;anno vengono proposti occasioni di crescita spirituale e di servizio, eventi di formazione, momenti ludici e conviviali<\/mark>. <\/p>\n\n\n\n<p class=\"has-text-align-center has-vivid-red-color has-text-color has-large-font-size\"><strong><em>Gli appuntamenti <\/em><\/strong><\/p>\n\n\n\n<p class=\"has-text-align-center has-vivid-red-color has-text-color has-large-font-size\"><strong><em>dell&#8217;Anno Pastorale 2024-2025<\/em><\/strong><\/p>\n\n\n\n<p class=\"has-text-align-right has-text-color has-large-font-size\" style=\"color:#0013a3\"><em>Clicca sui volantini per maggiori Info<\/em><\/p>\n\n\n\n<div class=\"wp-block-group\"><div class=\"wp-block-group__inner-container is-layout-flow wp-block-group-is-layout-flow\">\n<div class=\"wp-block-columns is-layout-flex wp-container-core-columns-is-layout-9d6595d7 wp-block-columns-is-layout-flex\">\n<div class=\"wp-block-column is-layout-flow wp-block-column-is-layout-flow\">\n<figure class=\"wp-block-image size-large\"><a href=\"https:\/\/pigifo.it\/index.php\/giubileo-adolescenti\/\"><img loading=\"lazy\" decoding=\"async\" width=\"1024\" height=\"1024\" src=\"https:\/\/pigifo.it\/wp-content\/uploads\/2024\/12\/WhatsApp-Image-2024-12-16-at-19.30.25-1024x1024.jpeg\" alt=\"\" class=\"wp-image-1044\" srcset=\"https:\/\/pigifo.it\/wp-content\/uploads\/2024\/12\/WhatsApp-Image-2024-12-16-at-19.30.25-1024x1024.jpeg 1024w, https:\/\/pigifo.it\/wp-content\/uploads\/2024\/12\/WhatsApp-Image-2024-12-16-at-19.30.25-300x300.jpeg 300w, https:\/\/pigifo.it\/wp-content\/uploads\/2024\/12\/WhatsApp-Image-2024-12-16-at-19.30.25-150x150.jpeg 150w, https:\/\/pigifo.it\/wp-content\/uploads\/2024\/12\/WhatsApp-Image-2024-12-16-at-19.30.25-768x768.jpeg 768w, https:\/\/pigifo.it\/wp-content\/uploads\/2024\/12\/WhatsApp-Image-2024-12-16-at-19.30.25.jpeg 1080w\" sizes=\"auto, (max-width: 1024px) 100vw, 1024px\" \/><\/a><\/figure>\n<\/div>\n\n\n\n<div class=\"wp-block-column is-layout-flow wp-block-column-is-layout-flow\"><\/div>\n<\/div>\n<\/div><\/div>\n\n\n\n<div class=\"wp-block-group\"><div class=\"wp-block-group__inner-container is-layout-flow wp-block-group-is-layout-flow\">\n<div class=\"wp-block-columns is-layout-flex wp-container-core-columns-is-layout-9d6595d7 wp-block-columns-is-layout-flex\">\n<div class=\"wp-block-column is-layout-flow wp-block-column-is-layout-flow\"><\/div>\n\n\n\n<div class=\"wp-block-column is-layout-flow wp-block-column-is-layout-flow\"><\/div>\n<\/div>\n<\/div><\/div>\n\n\n\n<p><\/p>\n","protected":false},"excerpt":{"rendered":"<p>\u201cA voi giovani [&#8230;]: abbiate sempre gli occhi&nbsp;rivolti al futuro. Siate terreno fertile in cammino con l&#8217;umanit\u00e0, siate rinnovamento nella cultura, nella societ\u00e0&nbsp;e nella Chiesa. Ci vuole coraggio, umilt\u00e0 e ascolto&nbsp;per dare espressione al rinnovamento&#8221; Papa Francesco, 17 ottobre 2014 Il centro Diocesano di Pastorale Giovanile e l&#8217;Associazione Pi.Gi &#8211; Promozione Giovanile si pongono come [&hellip;]<\/p>\n","protected":false},"author":1,"featured_media":0,"parent":0,"menu_order":0,"comment_status":"closed","ping_status":"closed","template":"","meta":{"footnotes":""},"class_list":["post-16","page","type-page","status-publish","hentry"],"_links":{"self":[{"href":"https:\/\/pigifo.it\/index.php\/wp-json\/wp\/v2\/pages\/16","targetHints":{"allow":["GET"]}}],"collection":[{"href":"https:\/\/pigifo.it\/index.php\/wp-json\/wp\/v2\/pages"}],"about":[{"href":"https:\/\/pigifo.it\/index.php\/wp-json\/wp\/v2\/types\/page"}],"author":[{"embeddable":true,"href":"https:\/\/pigifo.it\/index.php\/wp-json\/wp\/v2\/users\/1"}],"replies":[{"embeddable":true,"href":"https:\/\/pigifo.it\/index.php\/wp-json\/wp\/v2\/comments?post=16"}],"version-history":[{"count":20,"href":"https:\/\/pigifo.it\/index.php\/wp-json\/wp\/v2\/pages\/16\/revisions"}],"predecessor-version":[{"id":1047,"href":"https:\/\/pigifo.it\/index.php\/wp-json\/wp\/v2\/pages\/16\/revisions\/1047"}],"wp:attachment":[{"href":"https:\/\/pigifo.it\/index.php\/wp-json\/wp\/v2\/media?parent=16"}],"curies":[{"name":"wp","href":"https:\/\/api.w.org\/{rel}","templated":true}]}}