{"id":1132,"date":"2025-04-08T15:34:52","date_gmt":"2025-04-08T15:34:52","guid":{"rendered":"https:\/\/pigifo.it\/?page_id=1132"},"modified":"2025-04-14T12:41:22","modified_gmt":"2025-04-14T12:41:22","slug":"scuola-animatori-2025","status":"publish","type":"page","link":"https:\/\/pigifo.it\/index.php\/scuola-animatori-2025\/","title":{"rendered":"Scuola Animatori 2025"},"content":{"rendered":"\n<p>Anche quest&#8217;anno Scuola Animatori si terr\u00e0 nella parrocchia di Santa Rita nei seguenti giorni:<\/p>\n\n\n\n<p>Mercoled\u00ec 30 Aprile, Giovedi 8 Maggio e Gioved\u00ec 15 Maggio dalle 18:00 alle 22:00<\/p>\n\n\n\n<p>Se sei il referente dell&#8217;Oratorio scarica e compila questo file. Al suo interno ci sono due pagine da compilare. Nella prima occorre scrivere solo i nomi degli animatori divisi per anno di nascita. Nel secondo foglio iscrivere i ragazzi nei vari laboratori. NB per ogni laboratorio ci sono solo 1 o massimo 2 posti disponibili per ogni oratorio. Il campo grigio significa che \u00e8 disponibile un solo posto per oratorio. I laboratori sono continuativi e i ragazzi non possono cambiare in itinere.<\/p>\n\n\n\n<p><strong>Le iscrizioni devono essere effettuate entro e non oltre il 27 aprile ed inoltrare il file excel completo all&#8217;indirizzo email:<\/strong> <strong>pigifo@pigifo.it<\/strong><\/p>\n\n\n\n<p><\/p>\n\n\n\n<div class=\"wp-block-file\"><a id=\"wp-block-file--media-0ed099be-9949-450f-b3e2-af04d3fa8aa6\" href=\"https:\/\/pigifo.it\/wp-content\/uploads\/2025\/04\/Iscrizioni_scuola_anim-3.xlsx\"><br>Iscrizioni_scuola_anim<br><br><\/a><a href=\"https:\/\/pigifo.it\/wp-content\/uploads\/2025\/04\/Iscrizioni_scuola_anim-3.xlsx\" class=\"wp-block-file__button wp-element-button\" download aria-describedby=\"wp-block-file--media-0ed099be-9949-450f-b3e2-af04d3fa8aa6\">Download<\/a><\/div>\n\n\n\n<figure class=\"wp-block-image size-large\"><img loading=\"lazy\" decoding=\"async\" width=\"1024\" height=\"1024\" src=\"https:\/\/pigifo.it\/wp-content\/uploads\/2025\/04\/Scuola-Animatori-2025-3-1024x1024.png\" alt=\"\" class=\"wp-image-1138\" srcset=\"https:\/\/pigifo.it\/wp-content\/uploads\/2025\/04\/Scuola-Animatori-2025-3-1024x1024.png 1024w, https:\/\/pigifo.it\/wp-content\/uploads\/2025\/04\/Scuola-Animatori-2025-3-300x300.png 300w, https:\/\/pigifo.it\/wp-content\/uploads\/2025\/04\/Scuola-Animatori-2025-3-150x150.png 150w, https:\/\/pigifo.it\/wp-content\/uploads\/2025\/04\/Scuola-Animatori-2025-3-768x768.png 768w, https:\/\/pigifo.it\/wp-content\/uploads\/2025\/04\/Scuola-Animatori-2025-3.png 1080w\" sizes=\"auto, (max-width: 1024px) 100vw, 1024px\" \/><\/figure>\n\n\n\n<p><\/p>\n","protected":false},"excerpt":{"rendered":"<p>Anche quest&#8217;anno Scuola Animatori si terr\u00e0 nella parrocchia di Santa Rita nei seguenti giorni: Mercoled\u00ec 30 Aprile, Giovedi 8 Maggio e Gioved\u00ec 15 Maggio dalle 18:00 alle 22:00 Se sei il referente dell&#8217;Oratorio scarica e compila questo file. Al suo interno ci sono due pagine da compilare. Nella prima occorre scrivere solo i nomi degli [&hellip;]<\/p>\n","protected":false},"author":3,"featured_media":0,"parent":0,"menu_order":0,"comment_status":"closed","ping_status":"closed","template":"","meta":{"footnotes":""},"class_list":["post-1132","page","type-page","status-publish","hentry"],"_links":{"self":[{"href":"https:\/\/pigifo.it\/index.php\/wp-json\/wp\/v2\/pages\/1132","targetHints":{"allow":["GET"]}}],"collection":[{"href":"https:\/\/pigifo.it\/index.php\/wp-json\/wp\/v2\/pages"}],"about":[{"href":"https:\/\/pigifo.it\/index.php\/wp-json\/wp\/v2\/types\/page"}],"author":[{"embeddable":true,"href":"https:\/\/pigifo.it\/index.php\/wp-json\/wp\/v2\/users\/3"}],"replies":[{"embeddable":true,"href":"https:\/\/pigifo.it\/index.php\/wp-json\/wp\/v2\/comments?post=1132"}],"version-history":[{"count":12,"href":"https:\/\/pigifo.it\/index.php\/wp-json\/wp\/v2\/pages\/1132\/revisions"}],"predecessor-version":[{"id":1158,"href":"https:\/\/pigifo.it\/index.php\/wp-json\/wp\/v2\/pages\/1132\/revisions\/1158"}],"wp:attachment":[{"href":"https:\/\/pigifo.it\/index.php\/wp-json\/wp\/v2\/media?parent=1132"}],"curies":[{"name":"wp","href":"https:\/\/api.w.org\/{rel}","templated":true}]}}